{"id":374,"date":"2020-04-13T11:18:50","date_gmt":"2020-04-13T11:18:50","guid":{"rendered":"https:\/\/xn--fundaciondivinaconlaniez-mlc.org\/services-2\/"},"modified":"2024-05-08T21:43:36","modified_gmt":"2024-05-09T01:43:36","slug":"our-projects","status":"publish","type":"page","link":"https:\/\/xn--fundaciondivinaconlaniez-mlc.org\/es\/our-projects\/","title":{"rendered":"Nuestros Proyectos"},"content":{"rendered":"<div data-elementor-type=\"wp-page\" data-elementor-id=\"374\" class=\"elementor elementor-374\">\n\t\t\t\t<div class=\"elementor-element elementor-element-632a7fa e-flex e-con-boxed e-con e-parent\" data-id=\"632a7fa\" data-element_type=\"container\" data-settings=\"{&quot;background_background&quot;:&quot;classic&quot;}\">\n\t\t\t\t\t<div class=\"e-con-inner\">\n\t\t<div class=\"elementor-element elementor-element-868c7c6 e-con-full e-flex e-con e-child\" data-id=\"868c7c6\" data-element_type=\"container\">\n\t\t\t\t<div class=\"elementor-element elementor-element-735da12 elementor-widget elementor-widget-heading\" data-id=\"735da12\" data-element_type=\"widget\" data-widget_type=\"heading.default\">\n\t\t\t\t<div class=\"elementor-widget-container\">\n\t\t\t<style>\/*! elementor - v3.22.0 - 26-06-2024 *\/\n.elementor-heading-title{padding:0;margin:0;line-height:1}.elementor-widget-heading .elementor-heading-title[class*=elementor-size-]>a{color:inherit;font-size:inherit;line-height:inherit}.elementor-widget-heading .elementor-heading-title.elementor-size-small{font-size:15px}.elementor-widget-heading .elementor-heading-title.elementor-size-medium{font-size:19px}.elementor-widget-heading .elementor-heading-title.elementor-size-large{font-size:29px}.elementor-widget-heading .elementor-heading-title.elementor-size-xl{font-size:39px}.elementor-widget-heading .elementor-heading-title.elementor-size-xxl{font-size:59px}<\/style><h1 class=\"elementor-heading-title elementor-size-default\">Nuestros Proyectos<\/h1>\t\t<\/div>\n\t\t\t\t<\/div>\n\t\t\t\t<\/div>\n\t\t\t\t\t<\/div>\n\t\t\t\t<\/div>\n\t\t<div class=\"elementor-element elementor-element-8993b67 e-flex e-con-boxed e-con e-parent\" data-id=\"8993b67\" data-element_type=\"container\">\n\t\t\t\t\t<div class=\"e-con-inner\">\n\t\t\t\t<div class=\"elementor-element elementor-element-1efac61 elementor-widget elementor-widget-spacer\" data-id=\"1efac61\" data-element_type=\"widget\" data-widget_type=\"spacer.default\">\n\t\t\t\t<div class=\"elementor-widget-container\">\n\t\t\t<style>\/*! elementor - v3.22.0 - 26-06-2024 *\/\n.elementor-column .elementor-spacer-inner{height:var(--spacer-size)}.e-con{--container-widget-width:100%}.e-con-inner>.elementor-widget-spacer,.e-con>.elementor-widget-spacer{width:var(--container-widget-width,var(--spacer-size));--align-self:var(--container-widget-align-self,initial);--flex-shrink:0}.e-con-inner>.elementor-widget-spacer>.elementor-widget-container,.e-con>.elementor-widget-spacer>.elementor-widget-container{height:100%;width:100%}.e-con-inner>.elementor-widget-spacer>.elementor-widget-container>.elementor-spacer,.e-con>.elementor-widget-spacer>.elementor-widget-container>.elementor-spacer{height:100%}.e-con-inner>.elementor-widget-spacer>.elementor-widget-container>.elementor-spacer>.elementor-spacer-inner,.e-con>.elementor-widget-spacer>.elementor-widget-container>.elementor-spacer>.elementor-spacer-inner{height:var(--container-widget-height,var(--spacer-size))}.e-con-inner>.elementor-widget-spacer.elementor-widget-empty,.e-con>.elementor-widget-spacer.elementor-widget-empty{position:relative;min-height:22px;min-width:22px}.e-con-inner>.elementor-widget-spacer.elementor-widget-empty .elementor-widget-empty-icon,.e-con>.elementor-widget-spacer.elementor-widget-empty .elementor-widget-empty-icon{position:absolute;top:0;bottom:0;left:0;right:0;margin:auto;padding:0;width:22px;height:22px}<\/style>\t\t<div class=\"elementor-spacer\">\n\t\t\t<div class=\"elementor-spacer-inner\"><\/div>\n\t\t<\/div>\n\t\t\t\t<\/div>\n\t\t\t\t<\/div>\n\t\t\t\t\t<\/div>\n\t\t\t\t<\/div>\n\t\t<div class=\"elementor-element elementor-element-d77eda3 e-flex e-con-boxed e-con e-parent\" data-id=\"d77eda3\" data-element_type=\"container\">\n\t\t\t\t\t<div class=\"e-con-inner\">\n\t\t\t\t<div class=\"elementor-element elementor-element-91745d8 elementor-widget elementor-widget-text-editor\" data-id=\"91745d8\" data-element_type=\"widget\" data-widget_type=\"text-editor.default\">\n\t\t\t\t<div class=\"elementor-widget-container\">\n\t\t\t<style>\/*! elementor - v3.22.0 - 26-06-2024 *\/\n.elementor-widget-text-editor.elementor-drop-cap-view-stacked .elementor-drop-cap{background-color:#69727d;color:#fff}.elementor-widget-text-editor.elementor-drop-cap-view-framed .elementor-drop-cap{color:#69727d;border:3px solid;background-color:transparent}.elementor-widget-text-editor:not(.elementor-drop-cap-view-default) .elementor-drop-cap{margin-top:8px}.elementor-widget-text-editor:not(.elementor-drop-cap-view-default) .elementor-drop-cap-letter{width:1em;height:1em}.elementor-widget-text-editor .elementor-drop-cap{float:left;text-align:center;line-height:1;font-size:50px}.elementor-widget-text-editor .elementor-drop-cap-letter{display:inline-block}<\/style>\t\t\t\t<p>Ayudamos a familias y ni\u00f1os en necesidad en comunidades pobres.  Proveemos comida, utiles escolares, uniformes, equipos medicos, ropa, juguetes, programa basico de tecnologia, Ingles como segundo idioma, y ayudamos a mejorar sus vidas.<\/p>\t\t\t\t\t\t<\/div>\n\t\t\t\t<\/div>\n\t\t\t\t\t<\/div>\n\t\t\t\t<\/div>\n\t\t<div class=\"elementor-element elementor-element-2d6d041 e-flex e-con-boxed e-con e-parent\" data-id=\"2d6d041\" data-element_type=\"container\">\n\t\t\t\t\t<div class=\"e-con-inner\">\n\t\t\t\t<div class=\"elementor-element elementor-element-822e208 elementor-widget elementor-widget-text-editor\" data-id=\"822e208\" data-element_type=\"widget\" data-widget_type=\"text-editor.default\">\n\t\t\t\t<div class=\"elementor-widget-container\">\n\t\t\t\t\t\t\t<p>Ahora que est\u00e1s aqu\u00ed, echando un vistazo a nuestros proyectos, es importante que sepas que las organizaciones sin fines de lucro no est\u00e1n impulsadas por generar ganancias, sino que deben generar suficientes ingresos (dinero) para perseguir sus objetivos sociales. Si est\u00e1s dispuesto a apoyarnos, haz clic en el bot\u00f3n de abajo y empieza ahora mismo a apoyar nuestras iniciativas.<\/p>\t\t\t\t\t\t<\/div>\n\t\t\t\t<\/div>\n\t\t\t\t\t<\/div>\n\t\t\t\t<\/div>\n\t\t<div class=\"elementor-element elementor-element-c839214 e-flex e-con-boxed e-con e-parent\" data-id=\"c839214\" data-element_type=\"container\">\n\t\t\t\t\t<div class=\"e-con-inner\">\n\t\t<div class=\"elementor-element elementor-element-7f918fb e-con-full e-flex e-con e-child\" data-id=\"7f918fb\" data-element_type=\"container\">\n\t\t\t\t<\/div>\n\t\t<div class=\"elementor-element elementor-element-7f95779 e-con-full e-flex e-con e-child\" data-id=\"7f95779\" data-element_type=\"container\">\n\t\t\t\t<div class=\"elementor-element elementor-element-531d800 elementor-align-center elementor-widget elementor-widget-button\" data-id=\"531d800\" data-element_type=\"widget\" data-widget_type=\"button.default\">\n\t\t\t\t<div class=\"elementor-widget-container\">\n\t\t\t\t\t<div class=\"elementor-button-wrapper\">\n\t\t\t<a class=\"elementor-button elementor-button-link elementor-size-sm\" href=\"https:\/\/xn--fundaciondivinaconlaniez-mlc.org\/es\/give-dar\/\">\n\t\t\t\t\t\t<span class=\"elementor-button-content-wrapper\">\n\t\t\t\t\t\t\t\t\t<span class=\"elementor-button-text\">Dona Ahora<\/span>\n\t\t\t\t\t<\/span>\n\t\t\t\t\t<\/a>\n\t\t<\/div>\n\t\t\t\t<\/div>\n\t\t\t\t<\/div>\n\t\t\t\t<\/div>\n\t\t<div class=\"elementor-element elementor-element-189be43 e-con-full e-flex e-con e-child\" data-id=\"189be43\" data-element_type=\"container\">\n\t\t\t\t<\/div>\n\t\t\t\t\t<\/div>\n\t\t\t\t<\/div>\n\t\t<div class=\"elementor-element elementor-element-a3c0104 e-flex e-con-boxed e-con e-parent\" data-id=\"a3c0104\" data-element_type=\"container\">\n\t\t\t\t\t<div class=\"e-con-inner\">\n\t\t<div class=\"elementor-element elementor-element-f149c52 e-con-full e-flex e-con e-child\" data-id=\"f149c52\" data-element_type=\"container\">\n\t\t\t\t<div class=\"elementor-element elementor-element-552ac5f elementor-widget elementor-widget-heading\" data-id=\"552ac5f\" data-element_type=\"widget\" data-widget_type=\"heading.default\">\n\t\t\t\t<div class=\"elementor-widget-container\">\n\t\t\t<h2 class=\"elementor-heading-title elementor-size-default\">Materiales Escolares, Uniformes y Programas Basico de Tecnologia<\/h2>\t\t<\/div>\n\t\t\t\t<\/div>\n\t\t\t\t<div class=\"elementor-element elementor-element-2b6bd4d elementor-widget elementor-widget-text-editor\" data-id=\"2b6bd4d\" data-element_type=\"widget\" data-widget_type=\"text-editor.default\">\n\t\t\t\t<div class=\"elementor-widget-container\">\n\t\t\t\t\t\t\t<p>La vuelta a la escuela implica grandes costos para las familias necesitadas. Para ellos, cuando llega la hora de la escuela, comprar \u00fatiles escolares se trata de gastar sumas significativas que tal vez no tengan. No se trata solo de l\u00e1pices y cuadernos, tambi\u00e9n suelen necesitar calculadoras, mochilas, tijeras, loncheras... \u00a1La lista parece interminable! <br \/><br \/>Pero es por eso que estamos aqu\u00ed, para apoyar a esos ni\u00f1os y familias en dificultades econ\u00f3micas. Conoce m\u00e1s sobre este proyecto y ap\u00f3yanos con tu contribuci\u00f3n. S\u00e9 parte de cosas grandes y buenas, s\u00e9 parte de un futuro mejor.<\/p>\t\t\t\t\t\t<\/div>\n\t\t\t\t<\/div>\n\t\t\t\t<\/div>\n\t\t<div class=\"elementor-element elementor-element-88c511b e-con-full e-flex e-con e-child\" data-id=\"88c511b\" data-element_type=\"container\">\n\t\t\t\t<div class=\"elementor-element elementor-element-ba7f7ef elementor-widget elementor-widget-image\" data-id=\"ba7f7ef\" data-element_type=\"widget\" data-widget_type=\"image.default\">\n\t\t\t\t<div class=\"elementor-widget-container\">\n\t\t\t<style>\/*! elementor - v3.22.0 - 26-06-2024 *\/\n.elementor-widget-image{text-align:center}.elementor-widget-image a{display:inline-block}.elementor-widget-image a img[src$=\".svg\"]{width:48px}.elementor-widget-image img{vertical-align:middle;display:inline-block}<\/style>\t\t\t\t\t\t\t\t\t\t<img fetchpriority=\"high\" decoding=\"async\" width=\"1024\" height=\"576\" src=\"https:\/\/xn--fundaciondivinaconlaniez-mlc.org\/wp-content\/uploads\/2024\/03\/carrito-de-compras-con-utiles-escolares-dentro-1024x576.jpg\" class=\"attachment-large size-large wp-image-1065\" alt=\"carrito-de-compras-con-utiles-escolares-dentro\" srcset=\"https:\/\/xn--fundaciondivinaconlaniez-mlc.org\/wp-content\/uploads\/2024\/03\/carrito-de-compras-con-utiles-escolares-dentro-1024x576.jpg 1024w, https:\/\/xn--fundaciondivinaconlaniez-mlc.org\/wp-content\/uploads\/2024\/03\/carrito-de-compras-con-utiles-escolares-dentro-300x169.jpg 300w, https:\/\/xn--fundaciondivinaconlaniez-mlc.org\/wp-content\/uploads\/2024\/03\/carrito-de-compras-con-utiles-escolares-dentro-768x432.jpg 768w, https:\/\/xn--fundaciondivinaconlaniez-mlc.org\/wp-content\/uploads\/2024\/03\/carrito-de-compras-con-utiles-escolares-dentro.jpg 1240w\" sizes=\"(max-width: 1024px) 100vw, 1024px\" \/>\t\t\t\t\t\t\t\t\t\t\t\t\t<\/div>\n\t\t\t\t<\/div>\n\t\t\t\t<div class=\"elementor-element elementor-element-8698d52 elementor-widget elementor-widget-button\" data-id=\"8698d52\" data-element_type=\"widget\" data-widget_type=\"button.default\">\n\t\t\t\t<div class=\"elementor-widget-container\">\n\t\t\t\t\t<div class=\"elementor-button-wrapper\">\n\t\t\t<a class=\"elementor-button elementor-button-link elementor-size-sm\" href=\"https:\/\/xn--fundaciondivinaconlaniez-mlc.org\/es\/project-a\/\">\n\t\t\t\t\t\t<span class=\"elementor-button-content-wrapper\">\n\t\t\t\t\t\t\t\t\t<span class=\"elementor-button-text\">Leer Mas<\/span>\n\t\t\t\t\t<\/span>\n\t\t\t\t\t<\/a>\n\t\t<\/div>\n\t\t\t\t<\/div>\n\t\t\t\t<\/div>\n\t\t\t\t<\/div>\n\t\t\t\t\t<\/div>\n\t\t\t\t<\/div>\n\t\t<div class=\"elementor-element elementor-element-0cbf1c7 e-flex e-con-boxed e-con e-parent\" data-id=\"0cbf1c7\" data-element_type=\"container\">\n\t\t\t\t\t<div class=\"e-con-inner\">\n\t\t\t\t<div class=\"elementor-element elementor-element-6845f9a elementor-widget elementor-widget-spacer\" data-id=\"6845f9a\" data-element_type=\"widget\" data-widget_type=\"spacer.default\">\n\t\t\t\t<div class=\"elementor-widget-container\">\n\t\t\t\t\t<div class=\"elementor-spacer\">\n\t\t\t<div class=\"elementor-spacer-inner\"><\/div>\n\t\t<\/div>\n\t\t\t\t<\/div>\n\t\t\t\t<\/div>\n\t\t\t\t\t<\/div>\n\t\t\t\t<\/div>\n\t\t<div class=\"elementor-element elementor-element-620a9b7 e-flex e-con-boxed e-con e-parent\" data-id=\"620a9b7\" data-element_type=\"container\">\n\t\t\t\t\t<div class=\"e-con-inner\">\n\t\t<div class=\"elementor-element elementor-element-e0f247d e-con-full e-flex e-con e-child\" data-id=\"e0f247d\" data-element_type=\"container\">\n\t\t\t\t<div class=\"elementor-element elementor-element-444d150 elementor-widget elementor-widget-image\" data-id=\"444d150\" data-element_type=\"widget\" data-widget_type=\"image.default\">\n\t\t\t\t<div class=\"elementor-widget-container\">\n\t\t\t\t\t\t\t\t\t\t\t\t\t<img decoding=\"async\" width=\"900\" height=\"500\" src=\"https:\/\/xn--fundaciondivinaconlaniez-mlc.org\/wp-content\/uploads\/2024\/04\/Essential-medical-devices-that-should-be-available-at-your-home.jpg\" class=\"attachment-large size-large wp-image-1456\" alt=\"\" srcset=\"https:\/\/xn--fundaciondivinaconlaniez-mlc.org\/wp-content\/uploads\/2024\/04\/Essential-medical-devices-that-should-be-available-at-your-home.jpg 900w, https:\/\/xn--fundaciondivinaconlaniez-mlc.org\/wp-content\/uploads\/2024\/04\/Essential-medical-devices-that-should-be-available-at-your-home-300x167.jpg 300w, https:\/\/xn--fundaciondivinaconlaniez-mlc.org\/wp-content\/uploads\/2024\/04\/Essential-medical-devices-that-should-be-available-at-your-home-768x427.jpg 768w, https:\/\/xn--fundaciondivinaconlaniez-mlc.org\/wp-content\/uploads\/2024\/04\/Essential-medical-devices-that-should-be-available-at-your-home-18x10.jpg 18w\" sizes=\"(max-width: 900px) 100vw, 900px\" \/>\t\t\t\t\t\t\t\t\t\t\t\t\t<\/div>\n\t\t\t\t<\/div>\n\t\t\t\t<\/div>\n\t\t<div class=\"elementor-element elementor-element-648d5dc e-con-full e-flex e-con e-child\" data-id=\"648d5dc\" data-element_type=\"container\">\n\t\t\t\t<div class=\"elementor-element elementor-element-56d49e0 elementor-widget elementor-widget-heading\" data-id=\"56d49e0\" data-element_type=\"widget\" data-widget_type=\"heading.default\">\n\t\t\t\t<div class=\"elementor-widget-container\">\n\t\t\t<h2 class=\"elementor-heading-title elementor-size-default\">Comida, Equipo Medico y Ropa<\/h2>\t\t<\/div>\n\t\t\t\t<\/div>\n\t\t\t\t<div class=\"elementor-element elementor-element-18c9d88 elementor-widget elementor-widget-text-editor\" data-id=\"18c9d88\" data-element_type=\"widget\" data-widget_type=\"text-editor.default\">\n\t\t\t\t<div class=\"elementor-widget-container\">\n\t\t\t\t\t\t\t<p>Todos sabemos que las personas son tradicionalmente m\u00e1s generosas al ayudar a los necesitados, por ejemplo, haciendo donaciones de alimentos, durante la temporada navide\u00f1a que el resto del a\u00f1o. Sin embargo, el problema es que la crisis del hambre en algunos pa\u00edses y otras necesidades no son estacionales o por temporadas, sino que se producen durante todo el a\u00f1o. M\u00e1s que nunca, la necesidad continua es particularmente grave, y la probabilidad de que tus propios vecinos tengan dificultades para poner suficiente comida en la mesa es extraordinariamente alta.<\/p><p>La realidad es que es probable que haya personas en su c\u00edrculo social o comunidad que est\u00e9n luchando por obtener suficiente para comer en este momento, o que tengan problemas para poner comida en la mesa.\u00a0 Nosotros recolectamos y donamos alimentos.\u00a0 Y adem\u00e1s de la comida, de vez en cuando tambi\u00e9n proporcionamos ropa y algunos equipos m\u00e9dicos b\u00e1sicos (herramientas de diagn\u00f3stico como un estetoscopio y un kit de presi\u00f3n arterial, suministros para laceraciones como suturas y cinta m\u00e9dica, equipos m\u00e9dicos duraderos que incluyen camas de hospital y ayudas para la movilidad, y suministros para diab\u00e9ticos.<\/p>\t\t\t\t\t\t<\/div>\n\t\t\t\t<\/div>\n\t\t\t\t<div class=\"elementor-element elementor-element-76ebc0e elementor-align-left elementor-widget elementor-widget-button\" data-id=\"76ebc0e\" data-element_type=\"widget\" data-widget_type=\"button.default\">\n\t\t\t\t<div class=\"elementor-widget-container\">\n\t\t\t\t\t<div class=\"elementor-button-wrapper\">\n\t\t\t<a class=\"elementor-button elementor-button-link elementor-size-sm\" href=\"https:\/\/xn--fundaciondivinaconlaniez-mlc.org\/es\/project-b\/\">\n\t\t\t\t\t\t<span class=\"elementor-button-content-wrapper\">\n\t\t\t\t\t\t\t\t\t<span class=\"elementor-button-text\">Leer Mas<\/span>\n\t\t\t\t\t<\/span>\n\t\t\t\t\t<\/a>\n\t\t<\/div>\n\t\t\t\t<\/div>\n\t\t\t\t<\/div>\n\t\t\t\t<\/div>\n\t\t\t\t\t<\/div>\n\t\t\t\t<\/div>\n\t\t<div class=\"elementor-element elementor-element-18d5fe6 e-flex e-con-boxed e-con e-parent\" data-id=\"18d5fe6\" data-element_type=\"container\">\n\t\t\t\t\t<div class=\"e-con-inner\">\n\t\t\t\t<div class=\"elementor-element elementor-element-a02f4e1 elementor-widget elementor-widget-spacer\" data-id=\"a02f4e1\" data-element_type=\"widget\" data-widget_type=\"spacer.default\">\n\t\t\t\t<div class=\"elementor-widget-container\">\n\t\t\t\t\t<div class=\"elementor-spacer\">\n\t\t\t<div class=\"elementor-spacer-inner\"><\/div>\n\t\t<\/div>\n\t\t\t\t<\/div>\n\t\t\t\t<\/div>\n\t\t\t\t\t<\/div>\n\t\t\t\t<\/div>\n\t\t<div class=\"elementor-element elementor-element-bdc4741 e-flex e-con-boxed e-con e-parent\" data-id=\"bdc4741\" data-element_type=\"container\">\n\t\t\t\t\t<div class=\"e-con-inner\">\n\t\t<div class=\"elementor-element elementor-element-a48f237 e-con-full e-flex e-con e-child\" data-id=\"a48f237\" data-element_type=\"container\">\n\t\t\t\t<div class=\"elementor-element elementor-element-a724e96 elementor-widget elementor-widget-heading\" data-id=\"a724e96\" data-element_type=\"widget\" data-widget_type=\"heading.default\">\n\t\t\t\t<div class=\"elementor-widget-container\">\n\t\t\t<h2 class=\"elementor-heading-title elementor-size-default\">Ingles Como Segundo Idioma<\/h2>\t\t<\/div>\n\t\t\t\t<\/div>\n\t\t\t\t<div class=\"elementor-element elementor-element-9da1fe5 elementor-widget elementor-widget-text-editor\" data-id=\"9da1fe5\" data-element_type=\"widget\" data-widget_type=\"text-editor.default\">\n\t\t\t\t<div class=\"elementor-widget-container\">\n\t\t\t\t\t\t\t<p>El ingl\u00e9s es el idioma dominante para comunicarse. A lo largo de nuestras clases, los ni\u00f1os aprender\u00e1n no solo las habilidades ling\u00fc\u00edsticas que necesitan, sino tambi\u00e9n c\u00f3mo superar las barreras culturales y sobresalir en la educaci\u00f3n.<\/p>\t\t\t\t\t\t<\/div>\n\t\t\t\t<\/div>\n\t\t\t\t<\/div>\n\t\t<div class=\"elementor-element elementor-element-0446c23 e-con-full e-flex e-con e-child\" data-id=\"0446c23\" data-element_type=\"container\">\n\t\t\t\t<div class=\"elementor-element elementor-element-9a781dd elementor-widget elementor-widget-image\" data-id=\"9a781dd\" data-element_type=\"widget\" data-widget_type=\"image.default\">\n\t\t\t\t<div class=\"elementor-widget-container\">\n\t\t\t\t\t\t\t\t\t\t\t\t\t<img decoding=\"async\" width=\"820\" height=\"430\" src=\"https:\/\/xn--fundaciondivinaconlaniez-mlc.org\/wp-content\/uploads\/2024\/04\/teaching-english-as-a-second-language-3-steps-to-get-started.png\" class=\"attachment-large size-large wp-image-1479\" alt=\"teaching-english-as-a-second-language\" srcset=\"https:\/\/xn--fundaciondivinaconlaniez-mlc.org\/wp-content\/uploads\/2024\/04\/teaching-english-as-a-second-language-3-steps-to-get-started.png 820w, https:\/\/xn--fundaciondivinaconlaniez-mlc.org\/wp-content\/uploads\/2024\/04\/teaching-english-as-a-second-language-3-steps-to-get-started-300x157.png 300w, https:\/\/xn--fundaciondivinaconlaniez-mlc.org\/wp-content\/uploads\/2024\/04\/teaching-english-as-a-second-language-3-steps-to-get-started-768x403.png 768w, https:\/\/xn--fundaciondivinaconlaniez-mlc.org\/wp-content\/uploads\/2024\/04\/teaching-english-as-a-second-language-3-steps-to-get-started-18x9.png 18w\" sizes=\"(max-width: 820px) 100vw, 820px\" \/>\t\t\t\t\t\t\t\t\t\t\t\t\t<\/div>\n\t\t\t\t<\/div>\n\t\t\t\t<div class=\"elementor-element elementor-element-e521086 elementor-widget elementor-widget-button\" data-id=\"e521086\" data-element_type=\"widget\" data-widget_type=\"button.default\">\n\t\t\t\t<div class=\"elementor-widget-container\">\n\t\t\t\t\t<div class=\"elementor-button-wrapper\">\n\t\t\t<a class=\"elementor-button elementor-button-link elementor-size-sm\" href=\"https:\/\/xn--fundaciondivinaconlaniez-mlc.org\/es\/project-c\/\">\n\t\t\t\t\t\t<span class=\"elementor-button-content-wrapper\">\n\t\t\t\t\t\t\t\t\t<span class=\"elementor-button-text\">Leer Mas<\/span>\n\t\t\t\t\t<\/span>\n\t\t\t\t\t<\/a>\n\t\t<\/div>\n\t\t\t\t<\/div>\n\t\t\t\t<\/div>\n\t\t\t\t<\/div>\n\t\t\t\t\t<\/div>\n\t\t\t\t<\/div>\n\t\t\t\t<\/div>","protected":false},"excerpt":{"rendered":"<p>Our Projects We help families and children in need in poor communities.\u00a0 We provide food, school&#8217;s supplies, uniforms, medical equipment, clothes, toys, basic technology programs, English as a second language, and help them to improve their lives. Now that you are here, taking a look to our projects, it is important to let you know [&hellip;]<\/p>","protected":false},"author":4,"featured_media":0,"parent":0,"menu_order":0,"comment_status":"closed","ping_status":"closed","template":"","meta":{"site-sidebar-layout":"no-sidebar","site-content-layout":"page-builder","ast-site-content-layout":"full-width-container","site-content-style":"unboxed","site-sidebar-style":"unboxed","ast-global-header-display":"","ast-banner-title-visibility":"","ast-main-header-display":"","ast-hfb-above-header-display":"","ast-hfb-below-header-display":"","ast-hfb-mobile-header-display":"","site-post-title":"disabled","ast-breadcrumbs-content":"","ast-featured-img":"","footer-sml-layout":"","theme-transparent-header-meta":"enabled","adv-header-id-meta":"","stick-header-meta":"","header-above-stick-meta":"","header-main-stick-meta":"","header-below-stick-meta":"","astra-migrate-meta-layouts":"set","ast-page-background-enabled":"default","ast-page-background-meta":{"desktop":{"background-color":"","background-image":"","background-repeat":"repeat","background-position":"center center","background-size":"auto","background-attachment":"scroll","background-type":"","background-media":"","overlay-type":"","overlay-color":"","overlay-opacity":"","overlay-gradient":""},"tablet":{"background-color":"","background-image":"","background-repeat":"repeat","background-position":"center center","background-size":"auto","background-attachment":"scroll","background-type":"","background-media":"","overlay-type":"","overlay-color":"","overlay-opacity":"","overlay-gradient":""},"mobile":{"background-color":"","background-image":"","background-repeat":"repeat","background-position":"center center","background-size":"auto","background-attachment":"scroll","background-type":"","background-media":"","overlay-type":"","overlay-color":"","overlay-opacity":"","overlay-gradient":""}},"ast-content-background-meta":{"desktop":{"background-color":"var(--ast-global-color-5)","background-image":"","background-repeat":"repeat","background-position":"center center","background-size":"auto","background-attachment":"scroll","background-type":"","background-media":"","overlay-type":"","overlay-color":"","overlay-opacity":"","overlay-gradient":""},"tablet":{"background-color":"var(--ast-global-color-5)","background-image":"","background-repeat":"repeat","background-position":"center center","background-size":"auto","background-attachment":"scroll","background-type":"","background-media":"","overlay-type":"","overlay-color":"","overlay-opacity":"","overlay-gradient":""},"mobile":{"background-color":"var(--ast-global-color-5)","background-image":"","background-repeat":"repeat","background-position":"center center","background-size":"auto","background-attachment":"scroll","background-type":"","background-media":"","overlay-type":"","overlay-color":"","overlay-opacity":"","overlay-gradient":""}},"footnotes":""},"_links":{"self":[{"href":"https:\/\/xn--fundaciondivinaconlaniez-mlc.org\/es\/wp-json\/wp\/v2\/pages\/374"}],"collection":[{"href":"https:\/\/xn--fundaciondivinaconlaniez-mlc.org\/es\/wp-json\/wp\/v2\/pages"}],"about":[{"href":"https:\/\/xn--fundaciondivinaconlaniez-mlc.org\/es\/wp-json\/wp\/v2\/types\/page"}],"author":[{"embeddable":true,"href":"https:\/\/xn--fundaciondivinaconlaniez-mlc.org\/es\/wp-json\/wp\/v2\/users\/4"}],"replies":[{"embeddable":true,"href":"https:\/\/xn--fundaciondivinaconlaniez-mlc.org\/es\/wp-json\/wp\/v2\/comments?post=374"}],"version-history":[{"count":115,"href":"https:\/\/xn--fundaciondivinaconlaniez-mlc.org\/es\/wp-json\/wp\/v2\/pages\/374\/revisions"}],"predecessor-version":[{"id":1778,"href":"https:\/\/xn--fundaciondivinaconlaniez-mlc.org\/es\/wp-json\/wp\/v2\/pages\/374\/revisions\/1778"}],"wp:attachment":[{"href":"https:\/\/xn--fundaciondivinaconlaniez-mlc.org\/es\/wp-json\/wp\/v2\/media?parent=374"}],"curies":[{"name":"wp","href":"https:\/\/api.w.org\/{rel}","templated":true}]}}