{"id":1500,"date":"2024-04-22T22:10:28","date_gmt":"2024-04-23T02:10:28","guid":{"rendered":"https:\/\/xn--fundaciondivinaconlaniez-mlc.org\/?page_id=1500"},"modified":"2024-05-08T21:22:22","modified_gmt":"2024-05-09T01:22:22","slug":"project-c","status":"publish","type":"page","link":"https:\/\/xn--fundaciondivinaconlaniez-mlc.org\/es\/project-c\/","title":{"rendered":"ESL"},"content":{"rendered":"<div data-elementor-type=\"wp-page\" data-elementor-id=\"1500\" class=\"elementor elementor-1500\">\n\t\t\t\t<div class=\"elementor-element elementor-element-632a7fa e-flex e-con-boxed e-con e-parent\" data-id=\"632a7fa\" data-element_type=\"container\" data-settings=\"{&quot;background_background&quot;:&quot;classic&quot;}\">\n\t\t\t\t\t<div class=\"e-con-inner\">\n\t\t<div class=\"elementor-element elementor-element-868c7c6 e-con-full e-flex e-con e-child\" data-id=\"868c7c6\" data-element_type=\"container\">\n\t\t\t\t<div class=\"elementor-element elementor-element-735da12 elementor-widget elementor-widget-heading\" data-id=\"735da12\" data-element_type=\"widget\" data-widget_type=\"heading.default\">\n\t\t\t\t<div class=\"elementor-widget-container\">\n\t\t\t<style>\/*! elementor - v3.22.0 - 26-06-2024 *\/\n.elementor-heading-title{padding:0;margin:0;line-height:1}.elementor-widget-heading .elementor-heading-title[class*=elementor-size-]>a{color:inherit;font-size:inherit;line-height:inherit}.elementor-widget-heading .elementor-heading-title.elementor-size-small{font-size:15px}.elementor-widget-heading .elementor-heading-title.elementor-size-medium{font-size:19px}.elementor-widget-heading .elementor-heading-title.elementor-size-large{font-size:29px}.elementor-widget-heading .elementor-heading-title.elementor-size-xl{font-size:39px}.elementor-widget-heading .elementor-heading-title.elementor-size-xxl{font-size:59px}<\/style><h1 class=\"elementor-heading-title elementor-size-default\">Ingles Como Segundo Idioma<\/h1>\t\t<\/div>\n\t\t\t\t<\/div>\n\t\t\t\t<\/div>\n\t\t\t\t\t<\/div>\n\t\t\t\t<\/div>\n\t\t<div class=\"elementor-element elementor-element-8993b67 e-flex e-con-boxed e-con e-parent\" data-id=\"8993b67\" data-element_type=\"container\">\n\t\t\t\t\t<div class=\"e-con-inner\">\n\t\t\t\t<div class=\"elementor-element elementor-element-1efac61 elementor-widget elementor-widget-spacer\" data-id=\"1efac61\" data-element_type=\"widget\" data-widget_type=\"spacer.default\">\n\t\t\t\t<div class=\"elementor-widget-container\">\n\t\t\t<style>\/*! elementor - v3.22.0 - 26-06-2024 *\/\n.elementor-column .elementor-spacer-inner{height:var(--spacer-size)}.e-con{--container-widget-width:100%}.e-con-inner>.elementor-widget-spacer,.e-con>.elementor-widget-spacer{width:var(--container-widget-width,var(--spacer-size));--align-self:var(--container-widget-align-self,initial);--flex-shrink:0}.e-con-inner>.elementor-widget-spacer>.elementor-widget-container,.e-con>.elementor-widget-spacer>.elementor-widget-container{height:100%;width:100%}.e-con-inner>.elementor-widget-spacer>.elementor-widget-container>.elementor-spacer,.e-con>.elementor-widget-spacer>.elementor-widget-container>.elementor-spacer{height:100%}.e-con-inner>.elementor-widget-spacer>.elementor-widget-container>.elementor-spacer>.elementor-spacer-inner,.e-con>.elementor-widget-spacer>.elementor-widget-container>.elementor-spacer>.elementor-spacer-inner{height:var(--container-widget-height,var(--spacer-size))}.e-con-inner>.elementor-widget-spacer.elementor-widget-empty,.e-con>.elementor-widget-spacer.elementor-widget-empty{position:relative;min-height:22px;min-width:22px}.e-con-inner>.elementor-widget-spacer.elementor-widget-empty .elementor-widget-empty-icon,.e-con>.elementor-widget-spacer.elementor-widget-empty .elementor-widget-empty-icon{position:absolute;top:0;bottom:0;left:0;right:0;margin:auto;padding:0;width:22px;height:22px}<\/style>\t\t<div class=\"elementor-spacer\">\n\t\t\t<div class=\"elementor-spacer-inner\"><\/div>\n\t\t<\/div>\n\t\t\t\t<\/div>\n\t\t\t\t<\/div>\n\t\t\t\t\t<\/div>\n\t\t\t\t<\/div>\n\t\t<div class=\"elementor-element elementor-element-d77eda3 e-flex e-con-boxed e-con e-parent\" data-id=\"d77eda3\" data-element_type=\"container\">\n\t\t\t\t\t<div class=\"e-con-inner\">\n\t\t\t\t<div class=\"elementor-element elementor-element-91745d8 elementor-widget elementor-widget-text-editor\" data-id=\"91745d8\" data-element_type=\"widget\" data-widget_type=\"text-editor.default\">\n\t\t\t\t<div class=\"elementor-widget-container\">\n\t\t\t<style>\/*! elementor - v3.22.0 - 26-06-2024 *\/\n.elementor-widget-text-editor.elementor-drop-cap-view-stacked .elementor-drop-cap{background-color:#69727d;color:#fff}.elementor-widget-text-editor.elementor-drop-cap-view-framed .elementor-drop-cap{color:#69727d;border:3px solid;background-color:transparent}.elementor-widget-text-editor:not(.elementor-drop-cap-view-default) .elementor-drop-cap{margin-top:8px}.elementor-widget-text-editor:not(.elementor-drop-cap-view-default) .elementor-drop-cap-letter{width:1em;height:1em}.elementor-widget-text-editor .elementor-drop-cap{float:left;text-align:center;line-height:1;font-size:50px}.elementor-widget-text-editor .elementor-drop-cap-letter{display:inline-block}<\/style>\t\t\t\t<p>Ayudamos a familias y ni\u00f1os en necesidad en comunidades pobres.  Proveemos comida, equipos medicos, ropa, juguetes, y ayudamos a mejorar sus vidas.<\/p>\t\t\t\t\t\t<\/div>\n\t\t\t\t<\/div>\n\t\t\t\t\t<\/div>\n\t\t\t\t<\/div>\n\t\t<div class=\"elementor-element elementor-element-460f2bb e-flex e-con-boxed e-con e-parent\" data-id=\"460f2bb\" data-element_type=\"container\">\n\t\t\t\t\t<div class=\"e-con-inner\">\n\t\t<div class=\"elementor-element elementor-element-2ff39a9 e-con-full e-flex e-con e-child\" data-id=\"2ff39a9\" data-element_type=\"container\">\n\t\t\t\t<div class=\"elementor-element elementor-element-be9a256 elementor-widget elementor-widget-image\" data-id=\"be9a256\" data-element_type=\"widget\" data-widget_type=\"image.default\">\n\t\t\t\t<div class=\"elementor-widget-container\">\n\t\t\t<style>\/*! elementor - v3.22.0 - 26-06-2024 *\/\n.elementor-widget-image{text-align:center}.elementor-widget-image a{display:inline-block}.elementor-widget-image a img[src$=\".svg\"]{width:48px}.elementor-widget-image img{vertical-align:middle;display:inline-block}<\/style>\t\t\t\t\t\t\t\t\t\t<img fetchpriority=\"high\" decoding=\"async\" width=\"1000\" height=\"667\" src=\"https:\/\/xn--fundaciondivinaconlaniez-mlc.org\/wp-content\/uploads\/2024\/04\/Teaching-English-as-a-Foriegn-Language-Level-3_.jpg\" class=\"attachment-large size-large wp-image-1514\" alt=\"Teaching-English-as-a-Foriegn-Language\" srcset=\"https:\/\/xn--fundaciondivinaconlaniez-mlc.org\/wp-content\/uploads\/2024\/04\/Teaching-English-as-a-Foriegn-Language-Level-3_.jpg 1000w, https:\/\/xn--fundaciondivinaconlaniez-mlc.org\/wp-content\/uploads\/2024\/04\/Teaching-English-as-a-Foriegn-Language-Level-3_-300x200.jpg 300w, https:\/\/xn--fundaciondivinaconlaniez-mlc.org\/wp-content\/uploads\/2024\/04\/Teaching-English-as-a-Foriegn-Language-Level-3_-768x512.jpg 768w, https:\/\/xn--fundaciondivinaconlaniez-mlc.org\/wp-content\/uploads\/2024\/04\/Teaching-English-as-a-Foriegn-Language-Level-3_-18x12.jpg 18w\" sizes=\"(max-width: 1000px) 100vw, 1000px\" \/>\t\t\t\t\t\t\t\t\t\t\t\t\t<\/div>\n\t\t\t\t<\/div>\n\t\t\t\t<\/div>\n\t\t<div class=\"elementor-element elementor-element-55cf247 e-con-full e-flex e-con e-child\" data-id=\"55cf247\" data-element_type=\"container\">\n\t\t\t\t<div class=\"elementor-element elementor-element-5dd88f5 elementor-widget elementor-widget-image\" data-id=\"5dd88f5\" data-element_type=\"widget\" data-widget_type=\"image.default\">\n\t\t\t\t<div class=\"elementor-widget-container\">\n\t\t\t\t\t\t\t\t\t\t\t\t\t<img decoding=\"async\" width=\"1024\" height=\"681\" src=\"https:\/\/xn--fundaciondivinaconlaniez-mlc.org\/wp-content\/uploads\/2024\/04\/Teacher-Residency-1325-1-1024x681.jpg\" class=\"attachment-large size-large wp-image-1515\" alt=\"\" srcset=\"https:\/\/xn--fundaciondivinaconlaniez-mlc.org\/wp-content\/uploads\/2024\/04\/Teacher-Residency-1325-1-1024x681.jpg 1024w, https:\/\/xn--fundaciondivinaconlaniez-mlc.org\/wp-content\/uploads\/2024\/04\/Teacher-Residency-1325-1-300x200.jpg 300w, https:\/\/xn--fundaciondivinaconlaniez-mlc.org\/wp-content\/uploads\/2024\/04\/Teacher-Residency-1325-1-768x511.jpg 768w, https:\/\/xn--fundaciondivinaconlaniez-mlc.org\/wp-content\/uploads\/2024\/04\/Teacher-Residency-1325-1-1536x1022.jpg 1536w, https:\/\/xn--fundaciondivinaconlaniez-mlc.org\/wp-content\/uploads\/2024\/04\/Teacher-Residency-1325-1-2048x1362.jpg 2048w, https:\/\/xn--fundaciondivinaconlaniez-mlc.org\/wp-content\/uploads\/2024\/04\/Teacher-Residency-1325-1-18x12.jpg 18w\" sizes=\"(max-width: 1024px) 100vw, 1024px\" \/>\t\t\t\t\t\t\t\t\t\t\t\t\t<\/div>\n\t\t\t\t<\/div>\n\t\t\t\t<\/div>\n\t\t<div class=\"elementor-element elementor-element-f576791 e-con-full e-flex e-con e-child\" data-id=\"f576791\" data-element_type=\"container\">\n\t\t\t\t<div class=\"elementor-element elementor-element-cf1f22b elementor-widget elementor-widget-image\" data-id=\"cf1f22b\" data-element_type=\"widget\" data-widget_type=\"image.default\">\n\t\t\t\t<div class=\"elementor-widget-container\">\n\t\t\t\t\t\t\t\t\t\t\t\t\t<img decoding=\"async\" width=\"1024\" height=\"683\" src=\"https:\/\/xn--fundaciondivinaconlaniez-mlc.org\/wp-content\/uploads\/2024\/04\/pexels-tima-miroshnichenko-5427998-1024x683.jpg\" class=\"attachment-large size-large wp-image-1296\" alt=\"\" srcset=\"https:\/\/xn--fundaciondivinaconlaniez-mlc.org\/wp-content\/uploads\/2024\/04\/pexels-tima-miroshnichenko-5427998-1024x683.jpg 1024w, https:\/\/xn--fundaciondivinaconlaniez-mlc.org\/wp-content\/uploads\/2024\/04\/pexels-tima-miroshnichenko-5427998-300x200.jpg 300w, https:\/\/xn--fundaciondivinaconlaniez-mlc.org\/wp-content\/uploads\/2024\/04\/pexels-tima-miroshnichenko-5427998-768x512.jpg 768w, https:\/\/xn--fundaciondivinaconlaniez-mlc.org\/wp-content\/uploads\/2024\/04\/pexels-tima-miroshnichenko-5427998-1536x1024.jpg 1536w, https:\/\/xn--fundaciondivinaconlaniez-mlc.org\/wp-content\/uploads\/2024\/04\/pexels-tima-miroshnichenko-5427998-2048x1365.jpg 2048w, https:\/\/xn--fundaciondivinaconlaniez-mlc.org\/wp-content\/uploads\/2024\/04\/pexels-tima-miroshnichenko-5427998-18x12.jpg 18w\" sizes=\"(max-width: 1024px) 100vw, 1024px\" \/>\t\t\t\t\t\t\t\t\t\t\t\t\t<\/div>\n\t\t\t\t<\/div>\n\t\t\t\t<\/div>\n\t\t\t\t\t<\/div>\n\t\t\t\t<\/div>\n\t\t<div class=\"elementor-element elementor-element-82bf90a e-flex e-con-boxed e-con e-parent\" data-id=\"82bf90a\" data-element_type=\"container\">\n\t\t\t\t\t<div class=\"e-con-inner\">\n\t\t\t\t<div class=\"elementor-element elementor-element-57253ec elementor-widget elementor-widget-heading\" data-id=\"57253ec\" data-element_type=\"widget\" data-widget_type=\"heading.default\">\n\t\t\t\t<div class=\"elementor-widget-container\">\n\t\t\t<h2 class=\"elementor-heading-title elementor-size-default\">Ingles Como Segundo Idioma<\/h2>\t\t<\/div>\n\t\t\t\t<\/div>\n\t\t\t\t<div class=\"elementor-element elementor-element-aac7b0d elementor-widget elementor-widget-text-editor\" data-id=\"aac7b0d\" data-element_type=\"widget\" data-widget_type=\"text-editor.default\">\n\t\t\t\t<div class=\"elementor-widget-container\">\n\t\t\t\t\t\t\t<p>El ingl\u00e9s es el idioma dominante para comunicarse.\u00a0 A lo largo de nuestras clases, los ni\u00f1os aprender\u00e1n no solo las habilidades ling\u00fc\u00edsticas que necesitan, sino tambi\u00e9n c\u00f3mo superar las barreras culturales y sobresalir en la educaci\u00f3n.<\/p><p>Aprender Ingles como segundo idioma es importante porque:\u00a0 <br \/><br \/>1. Es el lenguaje mas ampliamente hablado en el mundo, con mas de 1.5 billones de hablantes globalmente.<br \/>2. Permite entender mejor la cultura, las peliculas, libros, y musica de alrededor del mundo.<br \/>3. Mejora las habilidades de comunicacion, crea confianza, y fomenta la independencia.<br \/>4. Mejora las perspectivas de carrera, ya que muchas oportunidades de trabajo internacionales requieren dominio del ingl\u00e9s.<br \/>5. Facilita los viajes internacionales y te convierte en un ciudadano global.<\/p><p>Aqui van algunas razones del porque aprender Ingles es importante en una temprana educacion:<\/p><p>1. Los ni\u00f1os aprenden de forma natural y pueden absorber idiomas sin esfuerzo, incluido el ingl\u00e9s.<br \/>2. Aprender ingl\u00e9s a una edad temprana reduce la presi\u00f3n y el estr\u00e9s de los amigos o compa\u00f1eros, lo que permite que los ni\u00f1os aprendan m\u00e1s r\u00e1pidamente.<br \/>3. Aprender ingl\u00e9s mejora las habilidades cognitivas.<br \/>4. El Ingles es un idioma global.<br \/>5. El idioma Ingles tiene un gran numero de hablantes.<\/p>\t\t\t\t\t\t<\/div>\n\t\t\t\t<\/div>\n\t\t\t\t\t<\/div>\n\t\t\t\t<\/div>\n\t\t\t\t<\/div>","protected":false},"excerpt":{"rendered":"<p>English as a Second Language We help families and children in need in poor communities.\u00a0 We provide food, medical equipment, clothes, toys, and help them to improve their lives. English As A Second Language English is the dominant language used for communicating.\u00a0 Throughout our classes, children will learn not only the linguistic skills they need [&hellip;]<\/p>","protected":false},"author":4,"featured_media":0,"parent":0,"menu_order":0,"comment_status":"closed","ping_status":"closed","template":"","meta":{"site-sidebar-layout":"no-sidebar","site-content-layout":"page-builder","ast-site-content-layout":"full-width-container","site-content-style":"unboxed","site-sidebar-style":"unboxed","ast-global-header-display":"","ast-banner-title-visibility":"","ast-main-header-display":"","ast-hfb-above-header-display":"","ast-hfb-below-header-display":"","ast-hfb-mobile-header-display":"","site-post-title":"disabled","ast-breadcrumbs-content":"","ast-featured-img":"","footer-sml-layout":"","theme-transparent-header-meta":"enabled","adv-header-id-meta":"","stick-header-meta":"","header-above-stick-meta":"","header-main-stick-meta":"","header-below-stick-meta":"","astra-migrate-meta-layouts":"set","ast-page-background-enabled":"default","ast-page-background-meta":{"desktop":{"background-color":"","background-image":"","background-repeat":"repeat","background-position":"center center","background-size":"auto","background-attachment":"scroll","background-type":"","background-media":"","overlay-type":"","overlay-color":"","overlay-opacity":"","overlay-gradient":""},"tablet":{"background-color":"","background-image":"","background-repeat":"repeat","background-position":"center center","background-size":"auto","background-attachment":"scroll","background-type":"","background-media":"","overlay-type":"","overlay-color":"","overlay-opacity":"","overlay-gradient":""},"mobile":{"background-color":"","background-image":"","background-repeat":"repeat","background-position":"center center","background-size":"auto","background-attachment":"scroll","background-type":"","background-media":"","overlay-type":"","overlay-color":"","overlay-opacity":"","overlay-gradient":""}},"ast-content-background-meta":{"desktop":{"background-color":"var(--ast-global-color-5)","background-image":"","background-repeat":"repeat","background-position":"center center","background-size":"auto","background-attachment":"scroll","background-type":"","background-media":"","overlay-type":"","overlay-color":"","overlay-opacity":"","overlay-gradient":""},"tablet":{"background-color":"var(--ast-global-color-5)","background-image":"","background-repeat":"repeat","background-position":"center center","background-size":"auto","background-attachment":"scroll","background-type":"","background-media":"","overlay-type":"","overlay-color":"","overlay-opacity":"","overlay-gradient":""},"mobile":{"background-color":"var(--ast-global-color-5)","background-image":"","background-repeat":"repeat","background-position":"center center","background-size":"auto","background-attachment":"scroll","background-type":"","background-media":"","overlay-type":"","overlay-color":"","overlay-opacity":"","overlay-gradient":""}},"footnotes":""},"_links":{"self":[{"href":"https:\/\/xn--fundaciondivinaconlaniez-mlc.org\/es\/wp-json\/wp\/v2\/pages\/1500"}],"collection":[{"href":"https:\/\/xn--fundaciondivinaconlaniez-mlc.org\/es\/wp-json\/wp\/v2\/pages"}],"about":[{"href":"https:\/\/xn--fundaciondivinaconlaniez-mlc.org\/es\/wp-json\/wp\/v2\/types\/page"}],"author":[{"embeddable":true,"href":"https:\/\/xn--fundaciondivinaconlaniez-mlc.org\/es\/wp-json\/wp\/v2\/users\/4"}],"replies":[{"embeddable":true,"href":"https:\/\/xn--fundaciondivinaconlaniez-mlc.org\/es\/wp-json\/wp\/v2\/comments?post=1500"}],"version-history":[{"count":34,"href":"https:\/\/xn--fundaciondivinaconlaniez-mlc.org\/es\/wp-json\/wp\/v2\/pages\/1500\/revisions"}],"predecessor-version":[{"id":1755,"href":"https:\/\/xn--fundaciondivinaconlaniez-mlc.org\/es\/wp-json\/wp\/v2\/pages\/1500\/revisions\/1755"}],"wp:attachment":[{"href":"https:\/\/xn--fundaciondivinaconlaniez-mlc.org\/es\/wp-json\/wp\/v2\/media?parent=1500"}],"curies":[{"name":"wp","href":"https:\/\/api.w.org\/{rel}","templated":true}]}}