{"id":1483,"date":"2024-04-22T21:56:38","date_gmt":"2024-04-23T01:56:38","guid":{"rendered":"https:\/\/xn--fundaciondivinaconlaniez-mlc.org\/?page_id=1483"},"modified":"2024-04-22T22:08:48","modified_gmt":"2024-04-23T02:08:48","slug":"project-b","status":"publish","type":"page","link":"https:\/\/xn--fundaciondivinaconlaniez-mlc.org\/es\/project-b\/","title":{"rendered":"Medical Equipment"},"content":{"rendered":"<div data-elementor-type=\"wp-page\" data-elementor-id=\"1483\" class=\"elementor elementor-1483\">\n\t\t\t\t<div class=\"elementor-element elementor-element-632a7fa e-flex e-con-boxed e-con e-parent\" data-id=\"632a7fa\" data-element_type=\"container\" data-settings=\"{&quot;background_background&quot;:&quot;classic&quot;}\">\n\t\t\t\t\t<div class=\"e-con-inner\">\n\t\t<div class=\"elementor-element elementor-element-868c7c6 e-con-full e-flex e-con e-child\" data-id=\"868c7c6\" data-element_type=\"container\">\n\t\t\t\t<div class=\"elementor-element elementor-element-735da12 elementor-widget elementor-widget-heading\" data-id=\"735da12\" data-element_type=\"widget\" data-widget_type=\"heading.default\">\n\t\t\t\t<div class=\"elementor-widget-container\">\n\t\t\t<style>\/*! elementor - v3.22.0 - 26-06-2024 *\/\n.elementor-heading-title{padding:0;margin:0;line-height:1}.elementor-widget-heading .elementor-heading-title[class*=elementor-size-]>a{color:inherit;font-size:inherit;line-height:inherit}.elementor-widget-heading .elementor-heading-title.elementor-size-small{font-size:15px}.elementor-widget-heading .elementor-heading-title.elementor-size-medium{font-size:19px}.elementor-widget-heading .elementor-heading-title.elementor-size-large{font-size:29px}.elementor-widget-heading .elementor-heading-title.elementor-size-xl{font-size:39px}.elementor-widget-heading .elementor-heading-title.elementor-size-xxl{font-size:59px}<\/style><h1 class=\"elementor-heading-title elementor-size-default\">Comida y Equipo Medico<\/h1>\t\t<\/div>\n\t\t\t\t<\/div>\n\t\t\t\t<\/div>\n\t\t\t\t\t<\/div>\n\t\t\t\t<\/div>\n\t\t<div class=\"elementor-element elementor-element-8993b67 e-flex e-con-boxed e-con e-parent\" data-id=\"8993b67\" data-element_type=\"container\">\n\t\t\t\t\t<div class=\"e-con-inner\">\n\t\t\t\t<div class=\"elementor-element elementor-element-1efac61 elementor-widget elementor-widget-spacer\" data-id=\"1efac61\" data-element_type=\"widget\" data-widget_type=\"spacer.default\">\n\t\t\t\t<div class=\"elementor-widget-container\">\n\t\t\t<style>\/*! elementor - v3.22.0 - 26-06-2024 *\/\n.elementor-column .elementor-spacer-inner{height:var(--spacer-size)}.e-con{--container-widget-width:100%}.e-con-inner>.elementor-widget-spacer,.e-con>.elementor-widget-spacer{width:var(--container-widget-width,var(--spacer-size));--align-self:var(--container-widget-align-self,initial);--flex-shrink:0}.e-con-inner>.elementor-widget-spacer>.elementor-widget-container,.e-con>.elementor-widget-spacer>.elementor-widget-container{height:100%;width:100%}.e-con-inner>.elementor-widget-spacer>.elementor-widget-container>.elementor-spacer,.e-con>.elementor-widget-spacer>.elementor-widget-container>.elementor-spacer{height:100%}.e-con-inner>.elementor-widget-spacer>.elementor-widget-container>.elementor-spacer>.elementor-spacer-inner,.e-con>.elementor-widget-spacer>.elementor-widget-container>.elementor-spacer>.elementor-spacer-inner{height:var(--container-widget-height,var(--spacer-size))}.e-con-inner>.elementor-widget-spacer.elementor-widget-empty,.e-con>.elementor-widget-spacer.elementor-widget-empty{position:relative;min-height:22px;min-width:22px}.e-con-inner>.elementor-widget-spacer.elementor-widget-empty .elementor-widget-empty-icon,.e-con>.elementor-widget-spacer.elementor-widget-empty .elementor-widget-empty-icon{position:absolute;top:0;bottom:0;left:0;right:0;margin:auto;padding:0;width:22px;height:22px}<\/style>\t\t<div class=\"elementor-spacer\">\n\t\t\t<div class=\"elementor-spacer-inner\"><\/div>\n\t\t<\/div>\n\t\t\t\t<\/div>\n\t\t\t\t<\/div>\n\t\t\t\t\t<\/div>\n\t\t\t\t<\/div>\n\t\t<div class=\"elementor-element elementor-element-d77eda3 e-flex e-con-boxed e-con e-parent\" data-id=\"d77eda3\" data-element_type=\"container\">\n\t\t\t\t\t<div class=\"e-con-inner\">\n\t\t\t\t<div class=\"elementor-element elementor-element-91745d8 elementor-widget elementor-widget-text-editor\" data-id=\"91745d8\" data-element_type=\"widget\" data-widget_type=\"text-editor.default\">\n\t\t\t\t<div class=\"elementor-widget-container\">\n\t\t\t<style>\/*! elementor - v3.22.0 - 26-06-2024 *\/\n.elementor-widget-text-editor.elementor-drop-cap-view-stacked .elementor-drop-cap{background-color:#69727d;color:#fff}.elementor-widget-text-editor.elementor-drop-cap-view-framed .elementor-drop-cap{color:#69727d;border:3px solid;background-color:transparent}.elementor-widget-text-editor:not(.elementor-drop-cap-view-default) .elementor-drop-cap{margin-top:8px}.elementor-widget-text-editor:not(.elementor-drop-cap-view-default) .elementor-drop-cap-letter{width:1em;height:1em}.elementor-widget-text-editor .elementor-drop-cap{float:left;text-align:center;line-height:1;font-size:50px}.elementor-widget-text-editor .elementor-drop-cap-letter{display:inline-block}<\/style>\t\t\t\t<p>Ayudamos a familias y ni\u00f1os en necesidad en comunidades pobres.  Proveemos comida, equipos medicos, ropa, juguetes, y ayudamos a mejorar sus vidas.<\/p>\t\t\t\t\t\t<\/div>\n\t\t\t\t<\/div>\n\t\t\t\t\t<\/div>\n\t\t\t\t<\/div>\n\t\t<div class=\"elementor-element elementor-element-39831de e-flex e-con-boxed e-con e-parent\" data-id=\"39831de\" data-element_type=\"container\">\n\t\t\t\t\t<div class=\"e-con-inner\">\n\t\t<div class=\"elementor-element elementor-element-a7d6105 e-con-full e-flex e-con e-child\" data-id=\"a7d6105\" data-element_type=\"container\">\n\t\t\t\t<div class=\"elementor-element elementor-element-a41a610 elementor-widget elementor-widget-image\" data-id=\"a41a610\" data-element_type=\"widget\" data-widget_type=\"image.default\">\n\t\t\t\t<div class=\"elementor-widget-container\">\n\t\t\t<style>\/*! elementor - v3.22.0 - 26-06-2024 *\/\n.elementor-widget-image{text-align:center}.elementor-widget-image a{display:inline-block}.elementor-widget-image a img[src$=\".svg\"]{width:48px}.elementor-widget-image img{vertical-align:middle;display:inline-block}<\/style>\t\t\t\t\t\t\t\t\t\t<img fetchpriority=\"high\" decoding=\"async\" width=\"1024\" height=\"576\" src=\"https:\/\/xn--fundaciondivinaconlaniez-mlc.org\/wp-content\/uploads\/2024\/04\/Food-Distribution.jpg\" class=\"attachment-large size-large wp-image-1493\" alt=\"\" srcset=\"https:\/\/xn--fundaciondivinaconlaniez-mlc.org\/wp-content\/uploads\/2024\/04\/Food-Distribution.jpg 1024w, https:\/\/xn--fundaciondivinaconlaniez-mlc.org\/wp-content\/uploads\/2024\/04\/Food-Distribution-300x169.jpg 300w, https:\/\/xn--fundaciondivinaconlaniez-mlc.org\/wp-content\/uploads\/2024\/04\/Food-Distribution-768x432.jpg 768w, https:\/\/xn--fundaciondivinaconlaniez-mlc.org\/wp-content\/uploads\/2024\/04\/Food-Distribution-18x10.jpg 18w\" sizes=\"(max-width: 1024px) 100vw, 1024px\" \/>\t\t\t\t\t\t\t\t\t\t\t\t\t<\/div>\n\t\t\t\t<\/div>\n\t\t\t\t<\/div>\n\t\t<div class=\"elementor-element elementor-element-f4b4bed e-con-full e-flex e-con e-child\" data-id=\"f4b4bed\" data-element_type=\"container\">\n\t\t\t\t<div class=\"elementor-element elementor-element-f5da430 elementor-widget elementor-widget-image\" data-id=\"f5da430\" data-element_type=\"widget\" data-widget_type=\"image.default\">\n\t\t\t\t<div class=\"elementor-widget-container\">\n\t\t\t\t\t\t\t\t\t\t\t\t\t<img decoding=\"async\" width=\"900\" height=\"500\" src=\"https:\/\/xn--fundaciondivinaconlaniez-mlc.org\/wp-content\/uploads\/2024\/04\/Essential-medical-devices-that-should-be-available-at-your-home.jpg\" class=\"attachment-full size-full wp-image-1456\" alt=\"\" srcset=\"https:\/\/xn--fundaciondivinaconlaniez-mlc.org\/wp-content\/uploads\/2024\/04\/Essential-medical-devices-that-should-be-available-at-your-home.jpg 900w, https:\/\/xn--fundaciondivinaconlaniez-mlc.org\/wp-content\/uploads\/2024\/04\/Essential-medical-devices-that-should-be-available-at-your-home-300x167.jpg 300w, https:\/\/xn--fundaciondivinaconlaniez-mlc.org\/wp-content\/uploads\/2024\/04\/Essential-medical-devices-that-should-be-available-at-your-home-768x427.jpg 768w, https:\/\/xn--fundaciondivinaconlaniez-mlc.org\/wp-content\/uploads\/2024\/04\/Essential-medical-devices-that-should-be-available-at-your-home-18x10.jpg 18w\" sizes=\"(max-width: 900px) 100vw, 900px\" \/>\t\t\t\t\t\t\t\t\t\t\t\t\t<\/div>\n\t\t\t\t<\/div>\n\t\t\t\t<\/div>\n\t\t<div class=\"elementor-element elementor-element-e6ca6b6 e-con-full e-flex e-con e-child\" data-id=\"e6ca6b6\" data-element_type=\"container\">\n\t\t\t\t<div class=\"elementor-element elementor-element-910996a elementor-widget elementor-widget-image\" data-id=\"910996a\" data-element_type=\"widget\" data-widget_type=\"image.default\">\n\t\t\t\t<div class=\"elementor-widget-container\">\n\t\t\t\t\t\t\t\t\t\t\t\t\t<img decoding=\"async\" width=\"720\" height=\"329\" src=\"https:\/\/xn--fundaciondivinaconlaniez-mlc.org\/wp-content\/uploads\/2024\/04\/mobility-aids-for-the-elderly.jpg\" class=\"attachment-large size-large wp-image-1492\" alt=\"mobility-aids-for-the-elderly\" srcset=\"https:\/\/xn--fundaciondivinaconlaniez-mlc.org\/wp-content\/uploads\/2024\/04\/mobility-aids-for-the-elderly.jpg 720w, https:\/\/xn--fundaciondivinaconlaniez-mlc.org\/wp-content\/uploads\/2024\/04\/mobility-aids-for-the-elderly-300x137.jpg 300w, https:\/\/xn--fundaciondivinaconlaniez-mlc.org\/wp-content\/uploads\/2024\/04\/mobility-aids-for-the-elderly-18x8.jpg 18w\" sizes=\"(max-width: 720px) 100vw, 720px\" \/>\t\t\t\t\t\t\t\t\t\t\t\t\t<\/div>\n\t\t\t\t<\/div>\n\t\t\t\t<\/div>\n\t\t\t\t\t<\/div>\n\t\t\t\t<\/div>\n\t\t<div class=\"elementor-element elementor-element-82bf90a e-flex e-con-boxed e-con e-parent\" data-id=\"82bf90a\" data-element_type=\"container\">\n\t\t\t\t\t<div class=\"e-con-inner\">\n\t\t\t\t<div class=\"elementor-element elementor-element-57253ec elementor-widget elementor-widget-heading\" data-id=\"57253ec\" data-element_type=\"widget\" data-widget_type=\"heading.default\">\n\t\t\t\t<div class=\"elementor-widget-container\">\n\t\t\t<h2 class=\"elementor-heading-title elementor-size-default\">Comida, Equipo Medico y Ropa<\/h2>\t\t<\/div>\n\t\t\t\t<\/div>\n\t\t\t\t<div class=\"elementor-element elementor-element-aac7b0d elementor-widget elementor-widget-text-editor\" data-id=\"aac7b0d\" data-element_type=\"widget\" data-widget_type=\"text-editor.default\">\n\t\t\t\t<div class=\"elementor-widget-container\">\n\t\t\t\t\t\t\t<p>Recolectamos y donamos alimentos.\u00a0 Todos sabemos que las personas son tradicionalmente m\u00e1s generosas al ayudar a los necesitados, por ejemplo, haciendo donaciones de alimentos, durante la temporada navide\u00f1a que el resto del a\u00f1o. Sin embargo, el problema es que la crisis del hambre en algunos pa\u00edses no es pasajera o estacional, sino que dura todo el a\u00f1o. M\u00e1s que nunca, la necesidad continua es particularmente grave, y la probabilidad de que sus propios vecinos tengan dificultades para poner suficiente comida en la mesa es extraordinariamente alta.<\/p><p>La realidad es que es probable que haya personas en su c\u00edrculo social o comunidad que est\u00e9n luchando por obtener suficiente para comer en este momento, o que tengan problemas para poner comida en la mesa.\u00a0 Nosotros recolectamos y donamos alimentos.\u00a0 Y adem\u00e1s de la comida, de vez en cuando tambi\u00e9n proporcionamos ropa y algunos equipos m\u00e9dicos b\u00e1sicos (herramientas de diagn\u00f3stico como un estetoscopio y un kit de presi\u00f3n arterial, suministros para laceraciones como suturas y cinta m\u00e9dica, equipos m\u00e9dicos duraderos que incluyen camas de hospital y ayudas para la movilidad, y suministros para diab\u00e9ticos.<\/p>\t\t\t\t\t\t<\/div>\n\t\t\t\t<\/div>\n\t\t\t\t\t<\/div>\n\t\t\t\t<\/div>\n\t\t\t\t<\/div>","protected":false},"excerpt":{"rendered":"<p>Food and Medical Equipment We help families and children in need in poor communities.\u00a0 We provide food, medical equipment, clothes, toys, and help them to improve their lives. Food, Medical Equipment and Clothes We collect and donate food.\u00a0 We all know that people are traditionally more generous with helping those in need\u2014for example, by making [&hellip;]<\/p>","protected":false},"author":4,"featured_media":0,"parent":0,"menu_order":0,"comment_status":"closed","ping_status":"closed","template":"","meta":{"site-sidebar-layout":"no-sidebar","site-content-layout":"page-builder","ast-site-content-layout":"full-width-container","site-content-style":"unboxed","site-sidebar-style":"unboxed","ast-global-header-display":"","ast-banner-title-visibility":"","ast-main-header-display":"","ast-hfb-above-header-display":"","ast-hfb-below-header-display":"","ast-hfb-mobile-header-display":"","site-post-title":"disabled","ast-breadcrumbs-content":"","ast-featured-img":"","footer-sml-layout":"","theme-transparent-header-meta":"enabled","adv-header-id-meta":"","stick-header-meta":"","header-above-stick-meta":"","header-main-stick-meta":"","header-below-stick-meta":"","astra-migrate-meta-layouts":"set","ast-page-background-enabled":"default","ast-page-background-meta":{"desktop":{"background-color":"","background-image":"","background-repeat":"repeat","background-position":"center center","background-size":"auto","background-attachment":"scroll","background-type":"","background-media":"","overlay-type":"","overlay-color":"","overlay-opacity":"","overlay-gradient":""},"tablet":{"background-color":"","background-image":"","background-repeat":"repeat","background-position":"center center","background-size":"auto","background-attachment":"scroll","background-type":"","background-media":"","overlay-type":"","overlay-color":"","overlay-opacity":"","overlay-gradient":""},"mobile":{"background-color":"","background-image":"","background-repeat":"repeat","background-position":"center center","background-size":"auto","background-attachment":"scroll","background-type":"","background-media":"","overlay-type":"","overlay-color":"","overlay-opacity":"","overlay-gradient":""}},"ast-content-background-meta":{"desktop":{"background-color":"var(--ast-global-color-5)","background-image":"","background-repeat":"repeat","background-position":"center center","background-size":"auto","background-attachment":"scroll","background-type":"","background-media":"","overlay-type":"","overlay-color":"","overlay-opacity":"","overlay-gradient":""},"tablet":{"background-color":"var(--ast-global-color-5)","background-image":"","background-repeat":"repeat","background-position":"center center","background-size":"auto","background-attachment":"scroll","background-type":"","background-media":"","overlay-type":"","overlay-color":"","overlay-opacity":"","overlay-gradient":""},"mobile":{"background-color":"var(--ast-global-color-5)","background-image":"","background-repeat":"repeat","background-position":"center center","background-size":"auto","background-attachment":"scroll","background-type":"","background-media":"","overlay-type":"","overlay-color":"","overlay-opacity":"","overlay-gradient":""}},"footnotes":""},"_links":{"self":[{"href":"https:\/\/xn--fundaciondivinaconlaniez-mlc.org\/es\/wp-json\/wp\/v2\/pages\/1483"}],"collection":[{"href":"https:\/\/xn--fundaciondivinaconlaniez-mlc.org\/es\/wp-json\/wp\/v2\/pages"}],"about":[{"href":"https:\/\/xn--fundaciondivinaconlaniez-mlc.org\/es\/wp-json\/wp\/v2\/types\/page"}],"author":[{"embeddable":true,"href":"https:\/\/xn--fundaciondivinaconlaniez-mlc.org\/es\/wp-json\/wp\/v2\/users\/4"}],"replies":[{"embeddable":true,"href":"https:\/\/xn--fundaciondivinaconlaniez-mlc.org\/es\/wp-json\/wp\/v2\/comments?post=1483"}],"version-history":[{"count":13,"href":"https:\/\/xn--fundaciondivinaconlaniez-mlc.org\/es\/wp-json\/wp\/v2\/pages\/1483\/revisions"}],"predecessor-version":[{"id":1499,"href":"https:\/\/xn--fundaciondivinaconlaniez-mlc.org\/es\/wp-json\/wp\/v2\/pages\/1483\/revisions\/1499"}],"wp:attachment":[{"href":"https:\/\/xn--fundaciondivinaconlaniez-mlc.org\/es\/wp-json\/wp\/v2\/media?parent=1483"}],"curies":[{"name":"wp","href":"https:\/\/api.w.org\/{rel}","templated":true}]}}